{"id":102,"date":"2014-11-06T16:26:02","date_gmt":"2014-11-06T14:26:02","guid":{"rendered":"http:\/\/www.metume70.gen.tr\/?page_id=102"},"modified":"2014-11-06T17:03:57","modified_gmt":"2014-11-06T15:03:57","slug":"metu-70-was-here","status":"publish","type":"page","link":"https:\/\/www.metume70.gen.tr\/?page_id=102","title":{"rendered":"METU &#8217;70 WAS HERE"},"content":{"rendered":"<p>1965-1970 y\u0131llar\u0131 aras\u0131nda ODT\u00dc\u2019de sadece \u00f6\u011frenci de\u011fildik. \u00dcniversitenin kurulu\u015fundan 10 y\u0131l sonra, yeni kampusa ta\u015f\u0131n\u0131ld\u0131ktan 5 y\u0131l sonra, \u201868\u2019li y\u0131llar\u0131n ODT\u00dc\u2019s\u00fcnde her etkinli\u011fin i\u00e7indeydik. <\/p>\n<p>Bug\u00fcn \u2018ODT\u00dc\u2019 denilince akla neler geliyorsa o \u00f6zelliklerin kazan\u0131lmas\u0131nda 1970 mezunu makinac\u0131lar\u0131n da katk\u0131s\u0131 vard\u0131r. <\/p>\n<p><a href=\"http:\/\/www.metume70.gen.tr\/wp-content\/uploads\/2014\/11\/belge-1.jpg\"><img loading=\"lazy\" decoding=\"async\" src=\"http:\/\/www.metume70.gen.tr\/wp-content\/uploads\/2014\/11\/belge-1-215x300.jpg\" alt=\"belge-1\" width=\"215\" height=\"300\" class=\"alignnone size-medium wp-image-103\" srcset=\"https:\/\/www.metume70.gen.tr\/wp-content\/uploads\/2014\/11\/belge-1-215x300.jpg 215w, https:\/\/www.metume70.gen.tr\/wp-content\/uploads\/2014\/11\/belge-1.jpg 600w\" sizes=\"auto, (max-width: 215px) 100vw, 215px\" \/><\/a><br \/>\nODT\u00dc \u00d6\u011frenci Birli\u011fi Makine M\u00fchendisli\u011fi \u00d6\u011frenci Derne\u011fi<br \/>\n1967-1968 Mali Bilan\u00e7osu<br \/>\n(22.Ekim.1968)<\/p>\n<p><a href=\"http:\/\/www.metume70.gen.tr\/wp-content\/uploads\/2014\/11\/belge-2.jpg\"><img loading=\"lazy\" decoding=\"async\" src=\"http:\/\/www.metume70.gen.tr\/wp-content\/uploads\/2014\/11\/belge-2-300x225.jpg\" alt=\"belge-2\" width=\"300\" height=\"225\" class=\"alignnone size-medium wp-image-104\" srcset=\"https:\/\/www.metume70.gen.tr\/wp-content\/uploads\/2014\/11\/belge-2-300x225.jpg 300w, https:\/\/www.metume70.gen.tr\/wp-content\/uploads\/2014\/11\/belge-2.jpg 600w\" sizes=\"auto, (max-width: 300px) 100vw, 300px\" \/><\/a><\/p>\n<p><a href=\"http:\/\/www.metume70.gen.tr\/wp-content\/uploads\/2014\/11\/belge-3.jpg\"><img loading=\"lazy\" decoding=\"async\" src=\"http:\/\/www.metume70.gen.tr\/wp-content\/uploads\/2014\/11\/belge-3-300x231.jpg\" alt=\"belge-3\" width=\"300\" height=\"231\" class=\"alignnone size-medium wp-image-105\" srcset=\"https:\/\/www.metume70.gen.tr\/wp-content\/uploads\/2014\/11\/belge-3-300x231.jpg 300w, https:\/\/www.metume70.gen.tr\/wp-content\/uploads\/2014\/11\/belge-3.jpg 600w\" sizes=\"auto, (max-width: 300px) 100vw, 300px\" \/><\/a><br \/>\n\u00dclkemize yeni gelen bir Uzak Do\u011fu sporu;<br \/>\nODT\u00dc Judo Kul\u00fcb\u00fc\u2019nden al\u0131nan Federasyon Kimlik Belgesi<\/p>\n","protected":false},"excerpt":{"rendered":"<p>1965-1970 y\u0131llar\u0131 aras\u0131nda ODT\u00dc\u2019de sadece \u00f6\u011frenci de\u011fildik. \u00dcniversitenin kurulu\u015fundan 10 y\u0131l sonra, yeni kampusa ta\u015f\u0131n\u0131ld\u0131ktan 5 y\u0131l sonra, \u201868\u2019li y\u0131llar\u0131n ODT\u00dc\u2019s\u00fcnde her etkinli\u011fin i\u00e7indeydik. Bug\u00fcn \u2018ODT\u00dc\u2019 denilince akla neler geliyorsa o \u00f6zelliklerin kazan\u0131lmas\u0131nda 1970 mezunu makinac\u0131lar\u0131n da katk\u0131s\u0131 vard\u0131r. ODT\u00dc \u00d6\u011frenci Birli\u011fi Makine M\u00fchendisli\u011fi \u00d6\u011frenci Derne\u011fi 1967-1968 Mali Bilan\u00e7osu (22.Ekim.1968) \u00dclkemize yeni gelen bir Uzak [&hellip;]<\/p>\n","protected":false},"author":1,"featured_media":0,"parent":0,"menu_order":7,"comment_status":"closed","ping_status":"closed","template":"","meta":{"footnotes":""},"class_list":["post-102","page","type-page","status-publish","hentry"],"_links":{"self":[{"href":"https:\/\/www.metume70.gen.tr\/index.php?rest_route=\/wp\/v2\/pages\/102","targetHints":{"allow":["GET"]}}],"collection":[{"href":"https:\/\/www.metume70.gen.tr\/index.php?rest_route=\/wp\/v2\/pages"}],"about":[{"href":"https:\/\/www.metume70.gen.tr\/index.php?rest_route=\/wp\/v2\/types\/page"}],"author":[{"embeddable":true,"href":"https:\/\/www.metume70.gen.tr\/index.php?rest_route=\/wp\/v2\/users\/1"}],"replies":[{"embeddable":true,"href":"https:\/\/www.metume70.gen.tr\/index.php?rest_route=%2Fwp%2Fv2%2Fcomments&post=102"}],"version-history":[{"count":2,"href":"https:\/\/www.metume70.gen.tr\/index.php?rest_route=\/wp\/v2\/pages\/102\/revisions"}],"predecessor-version":[{"id":127,"href":"https:\/\/www.metume70.gen.tr\/index.php?rest_route=\/wp\/v2\/pages\/102\/revisions\/127"}],"wp:attachment":[{"href":"https:\/\/www.metume70.gen.tr\/index.php?rest_route=%2Fwp%2Fv2%2Fmedia&parent=102"}],"curies":[{"name":"wp","href":"https:\/\/api.w.org\/{rel}","templated":true}]}}