{"id":107,"date":"2014-11-06T16:57:01","date_gmt":"2014-11-06T14:57:01","guid":{"rendered":"http:\/\/www.metume70.gen.tr\/?page_id=107"},"modified":"2014-11-06T17:03:00","modified_gmt":"2014-11-06T15:03:00","slug":"fotograf-albumu","status":"publish","type":"page","link":"https:\/\/www.metume70.gen.tr\/?page_id=107","title":{"rendered":"FOTO\u011eRAF ALB\u00dcM\u00dc"},"content":{"rendered":"<p>O y\u0131llarda foto\u011fraf \u00e7ekmek \u015fimdiki kadar basit ve kolay de\u011fildi. Filmin banyosu, karta bask\u0131s\u0131 zaman al\u0131yordu. Ama yine de pek \u00e7ok an\u0131m\u0131z\u0131 belgeledik.<\/p>\n<p>Bazen \u00dcniversitedeki profesyonel foto\u011fraf\u00e7\u0131 taraf\u0131ndan \u00e7ekilmi\u015f foto\u011fraflardan ald\u0131\u011f\u0131m\u0131z da oluyordu.<\/p>\n<p><a href=\"http:\/\/www.metume70.gen.tr\/wp-content\/uploads\/2014\/11\/foto-1.jpg\"><img loading=\"lazy\" decoding=\"async\" src=\"http:\/\/www.metume70.gen.tr\/wp-content\/uploads\/2014\/11\/foto-1-300x187.jpg\" alt=\"foto-1\" width=\"300\" height=\"187\" class=\"alignnone size-medium wp-image-108\" srcset=\"https:\/\/www.metume70.gen.tr\/wp-content\/uploads\/2014\/11\/foto-1-300x187.jpg 300w, https:\/\/www.metume70.gen.tr\/wp-content\/uploads\/2014\/11\/foto-1.jpg 600w\" sizes=\"auto, (max-width: 300px) 100vw, 300px\" \/><\/a><br \/>\nAtat\u00fcrk An\u0131t\u0131 \u00f6n\u00fcnde; (arkada K\u00fct\u00fcphane in\u015faat\u0131 devam ediyor)<br \/>\nArbil Taylan, Levent Tosun<br \/>\nSonbahar 1967<\/p>\n<p><a href=\"http:\/\/www.metume70.gen.tr\/wp-content\/uploads\/2014\/11\/foto-2.jpg\"><img loading=\"lazy\" decoding=\"async\" src=\"http:\/\/www.metume70.gen.tr\/wp-content\/uploads\/2014\/11\/foto-2-300x195.jpg\" alt=\"foto-2\" width=\"300\" height=\"195\" class=\"alignnone size-medium wp-image-109\" srcset=\"https:\/\/www.metume70.gen.tr\/wp-content\/uploads\/2014\/11\/foto-2-300x195.jpg 300w, https:\/\/www.metume70.gen.tr\/wp-content\/uploads\/2014\/11\/foto-2.jpg 600w\" sizes=\"auto, (max-width: 300px) 100vw, 300px\" \/><\/a><br \/>\nK\u00fct\u00fcphane \u00f6n\u00fcnde;<br \/>\nEsendal Alt\u0131nba\u015f, Levent Tosun<br \/>\nSonbahar 1968<\/p>\n<p><a href=\"http:\/\/www.metume70.gen.tr\/wp-content\/uploads\/2014\/11\/foto-3.jpg\"><img loading=\"lazy\" decoding=\"async\" src=\"http:\/\/www.metume70.gen.tr\/wp-content\/uploads\/2014\/11\/foto-3-226x300.jpg\" alt=\"foto-3\" width=\"226\" height=\"300\" class=\"alignnone size-medium wp-image-110\" srcset=\"https:\/\/www.metume70.gen.tr\/wp-content\/uploads\/2014\/11\/foto-3-226x300.jpg 226w, https:\/\/www.metume70.gen.tr\/wp-content\/uploads\/2014\/11\/foto-3.jpg 600w\" sizes=\"auto, (max-width: 226px) 100vw, 226px\" \/><\/a><br \/>\nDS\u0130 staj\u0131 s\u0131ras\u0131nda G\u00f6k\u00e7ekaya Baraj in\u015faat\u0131<br \/>\nLevent Tosun, Ali Sedat Kara<br \/>\nYaz 1968<\/p>\n<p><a href=\"http:\/\/www.metume70.gen.tr\/wp-content\/uploads\/2014\/11\/foto-4.jpg\"><img loading=\"lazy\" decoding=\"async\" src=\"http:\/\/www.metume70.gen.tr\/wp-content\/uploads\/2014\/11\/foto-4-206x300.jpg\" alt=\"foto-4\" width=\"206\" height=\"300\" class=\"alignnone size-medium wp-image-111\" srcset=\"https:\/\/www.metume70.gen.tr\/wp-content\/uploads\/2014\/11\/foto-4-206x300.jpg 206w, https:\/\/www.metume70.gen.tr\/wp-content\/uploads\/2014\/11\/foto-4.jpg 600w\" sizes=\"auto, (max-width: 206px) 100vw, 206px\" \/><\/a><br \/>\nEski\u015fehir staj\u0131 s\u0131ras\u0131nda bir Pazar gezmesi;<br \/>\nLevent Tosun, Fahrettin Kur\u015funo\u011flu mizansen yap\u0131yorlar<br \/>\nYaz 1968<\/p>\n<p><a href=\"http:\/\/www.metume70.gen.tr\/wp-content\/uploads\/2014\/11\/foto-5.jpg\"><img loading=\"lazy\" decoding=\"async\" src=\"http:\/\/www.metume70.gen.tr\/wp-content\/uploads\/2014\/11\/foto-5-300x197.jpg\" alt=\"foto-5\" width=\"300\" height=\"197\" class=\"alignnone size-medium wp-image-112\" srcset=\"https:\/\/www.metume70.gen.tr\/wp-content\/uploads\/2014\/11\/foto-5-300x197.jpg 300w, https:\/\/www.metume70.gen.tr\/wp-content\/uploads\/2014\/11\/foto-5.jpg 600w\" sizes=\"auto, (max-width: 300px) 100vw, 300px\" \/><\/a><br \/>\nK\u00fct\u00fcphanede \u00e7al\u0131\u015fma;<br \/>\nOrhan Parlak, \u0130lhan Saya, Arbil Taylan, Levent Tosun<br \/>\n21.Kas\u0131m.1968<\/p>\n<p><a href=\"http:\/\/www.metume70.gen.tr\/wp-content\/uploads\/2014\/11\/foto-6.jpg\"><img loading=\"lazy\" decoding=\"async\" src=\"http:\/\/www.metume70.gen.tr\/wp-content\/uploads\/2014\/11\/foto-6-300x209.jpg\" alt=\"foto-6\" width=\"300\" height=\"209\" class=\"alignnone size-medium wp-image-113\" srcset=\"https:\/\/www.metume70.gen.tr\/wp-content\/uploads\/2014\/11\/foto-6-300x209.jpg 300w, https:\/\/www.metume70.gen.tr\/wp-content\/uploads\/2014\/11\/foto-6.jpg 600w\" sizes=\"auto, (max-width: 300px) 100vw, 300px\" \/><\/a><br \/>\nEski\u015fehir staj\u0131 s\u0131ras\u0131nda bir Pazar gezmesi; Yediler Park\u0131<br \/>\nLevent Tosun, Cemre Nalbanto\u011flu, Hafit Y\u00fcnc\u00fc, Ali Sedat Kara<br \/>\n23.A\u011fustos.1968<\/p>\n<p><a href=\"http:\/\/www.metume70.gen.tr\/wp-content\/uploads\/2014\/11\/foto-7.jpg\"><img loading=\"lazy\" decoding=\"async\" src=\"http:\/\/www.metume70.gen.tr\/wp-content\/uploads\/2014\/11\/foto-7-300x191.jpg\" alt=\"foto-7\" width=\"300\" height=\"191\" class=\"alignnone size-medium wp-image-114\" srcset=\"https:\/\/www.metume70.gen.tr\/wp-content\/uploads\/2014\/11\/foto-7-300x191.jpg 300w, https:\/\/www.metume70.gen.tr\/wp-content\/uploads\/2014\/11\/foto-7.jpg 600w\" sizes=\"auto, (max-width: 300px) 100vw, 300px\" \/><\/a><br \/>\nFizik s\u0131nav\u0131 \u00e7al\u0131\u015fmas\u0131 s\u0131ras\u0131nda kafeteryada \u00f6\u011fle yeme\u011fi aras\u0131<br \/>\nLevent Tosun, Arbil Taylan, \u0130lhan Saya<br \/>\n15.Haziran.1967<\/p>\n<p><a href=\"http:\/\/www.metume70.gen.tr\/wp-content\/uploads\/2014\/11\/foto-8.jpg\"><img loading=\"lazy\" decoding=\"async\" src=\"http:\/\/www.metume70.gen.tr\/wp-content\/uploads\/2014\/11\/foto-8-300x192.jpg\" alt=\"foto-8\" width=\"300\" height=\"192\" class=\"alignnone size-medium wp-image-115\" srcset=\"https:\/\/www.metume70.gen.tr\/wp-content\/uploads\/2014\/11\/foto-8-300x192.jpg 300w, https:\/\/www.metume70.gen.tr\/wp-content\/uploads\/2014\/11\/foto-8.jpg 600w\" sizes=\"auto, (max-width: 300px) 100vw, 300px\" \/><\/a><br \/>\nMakinac\u0131lar \u00c7ay\u0131; Kafeterya<br \/>\n\u0130brahim Y\u0131ld\u0131r\u0131m, \u0130lhan Saya, Arbil Taylan, Erk \u0130nger, Levent Tosun, Orhan Parlak, Esendal Alt\u0131nba\u015f, Taner G\u00fcnev, B\u00fclent Vargel, Zafer \u00d6zel<br \/>\n4.Kas\u0131m.1968<\/p>\n<p><a href=\"http:\/\/www.metume70.gen.tr\/wp-content\/uploads\/2014\/11\/foto-9.jpg\"><img loading=\"lazy\" decoding=\"async\" src=\"http:\/\/www.metume70.gen.tr\/wp-content\/uploads\/2014\/11\/foto-9-300x188.jpg\" alt=\"foto-9\" width=\"300\" height=\"188\" class=\"alignnone size-medium wp-image-116\" srcset=\"https:\/\/www.metume70.gen.tr\/wp-content\/uploads\/2014\/11\/foto-9-300x188.jpg 300w, https:\/\/www.metume70.gen.tr\/wp-content\/uploads\/2014\/11\/foto-9.jpg 600w\" sizes=\"auto, (max-width: 300px) 100vw, 300px\" \/><\/a><br \/>\nHaz\u0131rl\u0131k S\u0131n\u0131f 39 Eymir G\u00f6l\u00fc pikni\u011fi<br \/>\nMetin, \u0130lhan Saya, Fahrettin Kur\u015funo\u011flu, Levent Tosun, Erbil Ahmet, Arbil Taylan<br \/>\n12.Haziran.1966<\/p>\n<p><a href=\"http:\/\/www.metume70.gen.tr\/wp-content\/uploads\/2014\/11\/foto-10.jpg\"><img loading=\"lazy\" decoding=\"async\" src=\"http:\/\/www.metume70.gen.tr\/wp-content\/uploads\/2014\/11\/foto-10-300x212.jpg\" alt=\"foto-10\" width=\"300\" height=\"212\" class=\"alignnone size-medium wp-image-117\" srcset=\"https:\/\/www.metume70.gen.tr\/wp-content\/uploads\/2014\/11\/foto-10-300x212.jpg 300w, https:\/\/www.metume70.gen.tr\/wp-content\/uploads\/2014\/11\/foto-10.jpg 600w\" sizes=\"auto, (max-width: 300px) 100vw, 300px\" \/><\/a><br \/>\nEymir G\u00f6l\u00fc\u2019nde y\u00fczme aras\u0131<br \/>\nTaner G\u00fcnev, Ahmet, Erk \u0130nger, Levent Tosun, Zafer \u00d6zel<br \/>\n26.Haziran.1968<\/p>\n<p><a href=\"http:\/\/www.metume70.gen.tr\/wp-content\/uploads\/2014\/11\/foto-11.jpg\"><img loading=\"lazy\" decoding=\"async\" src=\"http:\/\/www.metume70.gen.tr\/wp-content\/uploads\/2014\/11\/foto-11-300x193.jpg\" alt=\"foto-11\" width=\"300\" height=\"193\" class=\"alignnone size-medium wp-image-118\" srcset=\"https:\/\/www.metume70.gen.tr\/wp-content\/uploads\/2014\/11\/foto-11-300x193.jpg 300w, https:\/\/www.metume70.gen.tr\/wp-content\/uploads\/2014\/11\/foto-11.jpg 600w\" sizes=\"auto, (max-width: 300px) 100vw, 300px\" \/><\/a><br \/>\nEymir G\u00f6l\u00fc d\u00f6n\u00fc\u015f\u00fc; Oran otob\u00fcs dura\u011f\u0131na do\u011fru<br \/>\nLevent Tosun, Ayd\u0131n C\u00f6mert, Mete Ta\u015fk\u0131ran, Orhan Parlak, Metin<\/p>\n","protected":false},"excerpt":{"rendered":"<p>O y\u0131llarda foto\u011fraf \u00e7ekmek \u015fimdiki kadar basit ve kolay de\u011fildi. Filmin banyosu, karta bask\u0131s\u0131 zaman al\u0131yordu. Ama yine de pek \u00e7ok an\u0131m\u0131z\u0131 belgeledik. Bazen \u00dcniversitedeki profesyonel foto\u011fraf\u00e7\u0131 taraf\u0131ndan \u00e7ekilmi\u015f foto\u011fraflardan ald\u0131\u011f\u0131m\u0131z da oluyordu. Atat\u00fcrk An\u0131t\u0131 \u00f6n\u00fcnde; (arkada K\u00fct\u00fcphane in\u015faat\u0131 devam ediyor) Arbil Taylan, Levent Tosun Sonbahar 1967 K\u00fct\u00fcphane \u00f6n\u00fcnde; Esendal Alt\u0131nba\u015f, Levent Tosun Sonbahar 1968 [&hellip;]<\/p>\n","protected":false},"author":1,"featured_media":0,"parent":0,"menu_order":8,"comment_status":"closed","ping_status":"closed","template":"","meta":{"footnotes":""},"class_list":["post-107","page","type-page","status-publish","hentry"],"_links":{"self":[{"href":"https:\/\/www.metume70.gen.tr\/index.php?rest_route=\/wp\/v2\/pages\/107","targetHints":{"allow":["GET"]}}],"collection":[{"href":"https:\/\/www.metume70.gen.tr\/index.php?rest_route=\/wp\/v2\/pages"}],"about":[{"href":"https:\/\/www.metume70.gen.tr\/index.php?rest_route=\/wp\/v2\/types\/page"}],"author":[{"embeddable":true,"href":"https:\/\/www.metume70.gen.tr\/index.php?rest_route=\/wp\/v2\/users\/1"}],"replies":[{"embeddable":true,"href":"https:\/\/www.metume70.gen.tr\/index.php?rest_route=%2Fwp%2Fv2%2Fcomments&post=107"}],"version-history":[{"count":2,"href":"https:\/\/www.metume70.gen.tr\/index.php?rest_route=\/wp\/v2\/pages\/107\/revisions"}],"predecessor-version":[{"id":125,"href":"https:\/\/www.metume70.gen.tr\/index.php?rest_route=\/wp\/v2\/pages\/107\/revisions\/125"}],"wp:attachment":[{"href":"https:\/\/www.metume70.gen.tr\/index.php?rest_route=%2Fwp%2Fv2%2Fmedia&parent=107"}],"curies":[{"name":"wp","href":"https:\/\/api.w.org\/{rel}","templated":true}]}}