{"id":120,"date":"2014-11-06T16:58:49","date_gmt":"2014-11-06T14:58:49","guid":{"rendered":"http:\/\/www.metume70.gen.tr\/?page_id=120"},"modified":"2014-11-06T17:07:03","modified_gmt":"2014-11-06T15:07:03","slug":"iletisim","status":"publish","type":"page","link":"https:\/\/www.metume70.gen.tr\/?page_id=120","title":{"rendered":"\u0130LET\u0130\u015e\u0130M"},"content":{"rendered":"<p>Bu site ile ilgili t\u00fcm haz\u0131rl\u0131k ve gerekli i\u015flemler Levent TOSUN taraf\u0131ndan yap\u0131ld\u0131.<\/p>\n<p>Sitenin tasar\u0131m\u0131 ve teknik altyap\u0131s\u0131n\u0131 Hakan DEM\u0130RB\u0130LEK ger\u00e7ekle\u015ftirdi. (Te\u015fekk\u00fcrler)<\/p>\n<p>\u0130lk belgeler Levent TOSUN- Ethem \u00d6ZBAKIR ar\u015fivinden al\u0131nd\u0131. Site, Makine \u201870 mezunlar\u0131n\u0131n katk\u0131s\u0131 ile geli\u015fiyor, tamamlan\u0131yor.<\/p>\n<p>Belge<br \/>\nElinizdeki belgeyi g\u00f6ndermek isterseniz tarama s\u0131ras\u0131nda a\u015fa\u011f\u0131daki ayarlar\u0131 \u00f6neriyoruz:<\/p>\n<p>siyah beyaz belge &#8230;&#8230;&#8230;&#8230;&#8230;&#8230;. black &#038; white, pdf &#8211; 300 dpi<br \/>\nrenkli belge &#8230;&#8230;&#8230;&#8230;&#8230;&#8230;&#8230;&#8230;&#8230; color magazine, pdf &#8211; 300 dpi<br \/>\nFoto\u011fraf &#8230;&#8230;&#8230;&#8230;&#8230;&#8230;&#8230;&#8230;&#8230;&#8230;&#8230;color, photo, jpeg \u2013 300 dpi<\/p>\n<p>B\u00fcy\u00fck boyutlu afi\u015f, gazete vb t\u00fcr\u00fc belge i\u00e7in haberle\u015felim ve formata birlikte karar verelim.<\/p>\n<p>An\u0131<br \/>\nAn\u0131lar\u0131n\u0131z\u0131 &#8220;word&#8221; dokuman\u0131 olarak g\u00f6nderebilirsiniz.<\/p>\n<p>Mezun listeleri<br \/>\nMezun listesini hep birlikte geli\u015ftirece\u011fiz. T\u00fcm arkada\u015flar\u0131m\u0131z\u0131n g\u00fcncel ileti\u015fim bilgilerinin derlenmesine yard\u0131mc\u0131 olman\u0131z\u0131 bekliyoruz.<\/p>\n<p>Haberle\u015fme<br \/>\n1968-1972 y\u0131llar\u0131 aras\u0131nda beraber okumu\u015f olan makinac\u0131lar\u0131n bir haberle\u015fme grubu var; odtu_makinacilar. Bu gruba<br \/>\nhttp:\/\/groups.yahoo.com\/group\/odtu_makinacilar\/<br \/>\nadresinden \u00fcye olabilirsiniz. (Bilgi i\u00e7in  cecalis@yahoo.com )<\/p>\n<p>Haberle\u015fme grubu yaz\u0131\u015fmalar\u0131n\u0131 almak istemeyen, sadece Mezunlar G\u00fcn\u00fc hakk\u0131ndaki bilgileri g\u00f6rmek isteyenler i\u00e7in ayr\u0131 bir haberle\u015fme grubu var; metume707172. Bu gruba<br \/>\nhttp:\/\/mailman.metu.edu.tr\/mailman\/listinfo\/metume707172<br \/>\nadresinden \u00fcye olabilirsiniz. (Bilgi i\u00e7in ltosun@metu.edu.tr )<\/p>\n<p>\u0130leti\u015fim<br \/>\nBu site konusundaki \u00f6neri ve katk\u0131lar i\u00e7in (ba\u015fka g\u00f6n\u00fcll\u00fcler ortaya \u00e7\u0131kana kadar) \u015fimdilik;<br \/>\nltosun@metu.edu.tr<\/p>\n","protected":false},"excerpt":{"rendered":"<p>Bu site ile ilgili t\u00fcm haz\u0131rl\u0131k ve gerekli i\u015flemler Levent TOSUN taraf\u0131ndan yap\u0131ld\u0131. Sitenin tasar\u0131m\u0131 ve teknik altyap\u0131s\u0131n\u0131 Hakan DEM\u0130RB\u0130LEK ger\u00e7ekle\u015ftirdi. (Te\u015fekk\u00fcrler) \u0130lk belgeler Levent TOSUN- Ethem \u00d6ZBAKIR ar\u015fivinden al\u0131nd\u0131. Site, Makine \u201870 mezunlar\u0131n\u0131n katk\u0131s\u0131 ile geli\u015fiyor, tamamlan\u0131yor. Belge Elinizdeki belgeyi g\u00f6ndermek isterseniz tarama s\u0131ras\u0131nda a\u015fa\u011f\u0131daki ayarlar\u0131 \u00f6neriyoruz: siyah beyaz belge &#8230;&#8230;&#8230;&#8230;&#8230;&#8230;. black &#038; white, [&hellip;]<\/p>\n","protected":false},"author":1,"featured_media":0,"parent":0,"menu_order":9,"comment_status":"closed","ping_status":"closed","template":"","meta":{"footnotes":""},"class_list":["post-120","page","type-page","status-publish","hentry"],"_links":{"self":[{"href":"https:\/\/www.metume70.gen.tr\/index.php?rest_route=\/wp\/v2\/pages\/120","targetHints":{"allow":["GET"]}}],"collection":[{"href":"https:\/\/www.metume70.gen.tr\/index.php?rest_route=\/wp\/v2\/pages"}],"about":[{"href":"https:\/\/www.metume70.gen.tr\/index.php?rest_route=\/wp\/v2\/types\/page"}],"author":[{"embeddable":true,"href":"https:\/\/www.metume70.gen.tr\/index.php?rest_route=\/wp\/v2\/users\/1"}],"replies":[{"embeddable":true,"href":"https:\/\/www.metume70.gen.tr\/index.php?rest_route=%2Fwp%2Fv2%2Fcomments&post=120"}],"version-history":[{"count":2,"href":"https:\/\/www.metume70.gen.tr\/index.php?rest_route=\/wp\/v2\/pages\/120\/revisions"}],"predecessor-version":[{"id":126,"href":"https:\/\/www.metume70.gen.tr\/index.php?rest_route=\/wp\/v2\/pages\/120\/revisions\/126"}],"wp:attachment":[{"href":"https:\/\/www.metume70.gen.tr\/index.php?rest_route=%2Fwp%2Fv2%2Fmedia&parent=120"}],"curies":[{"name":"wp","href":"https:\/\/api.w.org\/{rel}","templated":true}]}}