{"id":16,"date":"2014-11-06T14:25:01","date_gmt":"2014-11-06T12:25:01","guid":{"rendered":"http:\/\/www.metume70.gen.tr\/?page_id=16"},"modified":"2014-11-06T17:05:56","modified_gmt":"2014-11-06T15:05:56","slug":"odtuye-giris","status":"publish","type":"page","link":"https:\/\/www.metume70.gen.tr\/?page_id=16","title":{"rendered":"ODT\u00dc&#8217;YE G\u0130R\u0130\u015e"},"content":{"rendered":"<p>\u00c7o\u011fumuz ODT\u00dc\u2019ye 1965 y\u0131l\u0131nda Haz\u0131rl\u0131k Okulu ile ba\u015flad\u0131k. O y\u0131l giri\u015f s\u0131nav\u0131<br \/>\n20.May\u0131s.1965 tarihinde yap\u0131ld\u0131.<\/p>\n<p>Ba\u015fvuru s\u0131ras\u0131nda girmek istedi\u011fimiz \u2018fak\u00fclte\u2019 ve 3 adet \u2018b\u00f6l\u00fcm\u2019 yazmam\u0131z istendi. Biz de \u2018M\u00fchendislik\u2019 ve \u2018Makina\u2019 istedi\u011fimizi bildirdik.<\/p>\n<p>Mimarl\u0131k Anfisi yan\u0131nda \u015fimdi M\u00fcze olarak kullan\u0131lan bina o y\u0131llarda Kay\u0131t ve Kabul M\u00fcd\u00fcrl\u00fc\u011f\u00fc olarak kullan\u0131l\u0131yordu. Camlara as\u0131l\u0131 listelerde ismimizi g\u00f6r\u00fcnce \u00e7ok mutlu olduk.<\/p>\n<p>Sonu\u00e7lar 25. A\u011fustos.1965 g\u00fcn\u00fc Cumhuriyet Gazetesinde ilan edildi.<\/p>\n<p><img decoding=\"async\"  src=\"http:\/\/www.metume70.gen.tr\/wp-content\/uploads\/2014\/11\/giris_belgesi_on.jpg\" alt=\"giris_belgesi_on\" \/><\/p>\n<p><img decoding=\"async\" src=\"http:\/\/www.metume70.gen.tr\/wp-content\/uploads\/2014\/11\/giris_belgesi_arka.jpg\" alt=\"giris_belgesi_arka\" \/><\/p>\n<p>(Gazete par\u00e7as\u0131 resmi)<br \/>\nODT\u00dc\u2019ye girenlerin listesi<br \/>\n(25.A\u011fustos.1965 Cumhuriyet)<\/p>\n<p>M\u00fchendislik Fak\u00fcltesine girenlerin listesi<br \/>\n(gazetede yay\u0131nland\u0131\u011f\u0131 \u015fekli ile word format\u0131nda)<\/p>\n<p><img decoding=\"async\" src=\"http:\/\/www.metume70.gen.tr\/wp-content\/uploads\/2014\/11\/kayit_kabul.jpg\" alt=\"kayit_kabul\"\/><br \/>\nKay\u0131t Kabul Binas\u0131 (G\u00fcn\u00fcm\u00fczde M\u00fcze olarak kullan\u0131l\u0131yor)<\/p>\n","protected":false},"excerpt":{"rendered":"<p>\u00c7o\u011fumuz ODT\u00dc\u2019ye 1965 y\u0131l\u0131nda Haz\u0131rl\u0131k Okulu ile ba\u015flad\u0131k. O y\u0131l giri\u015f s\u0131nav\u0131 20.May\u0131s.1965 tarihinde yap\u0131ld\u0131. Ba\u015fvuru s\u0131ras\u0131nda girmek istedi\u011fimiz \u2018fak\u00fclte\u2019 ve 3 adet \u2018b\u00f6l\u00fcm\u2019 yazmam\u0131z istendi. Biz de \u2018M\u00fchendislik\u2019 ve \u2018Makina\u2019 istedi\u011fimizi bildirdik. Mimarl\u0131k Anfisi yan\u0131nda \u015fimdi M\u00fcze olarak kullan\u0131lan bina o y\u0131llarda Kay\u0131t ve Kabul M\u00fcd\u00fcrl\u00fc\u011f\u00fc olarak kullan\u0131l\u0131yordu. Camlara as\u0131l\u0131 listelerde ismimizi g\u00f6r\u00fcnce \u00e7ok [&hellip;]<\/p>\n","protected":false},"author":1,"featured_media":0,"parent":0,"menu_order":3,"comment_status":"closed","ping_status":"closed","template":"","meta":{"footnotes":""},"class_list":["post-16","page","type-page","status-publish","hentry"],"_links":{"self":[{"href":"https:\/\/www.metume70.gen.tr\/index.php?rest_route=\/wp\/v2\/pages\/16","targetHints":{"allow":["GET"]}}],"collection":[{"href":"https:\/\/www.metume70.gen.tr\/index.php?rest_route=\/wp\/v2\/pages"}],"about":[{"href":"https:\/\/www.metume70.gen.tr\/index.php?rest_route=\/wp\/v2\/types\/page"}],"author":[{"embeddable":true,"href":"https:\/\/www.metume70.gen.tr\/index.php?rest_route=\/wp\/v2\/users\/1"}],"replies":[{"embeddable":true,"href":"https:\/\/www.metume70.gen.tr\/index.php?rest_route=%2Fwp%2Fv2%2Fcomments&post=16"}],"version-history":[{"count":7,"href":"https:\/\/www.metume70.gen.tr\/index.php?rest_route=\/wp\/v2\/pages\/16\/revisions"}],"predecessor-version":[{"id":130,"href":"https:\/\/www.metume70.gen.tr\/index.php?rest_route=\/wp\/v2\/pages\/16\/revisions\/130"}],"wp:attachment":[{"href":"https:\/\/www.metume70.gen.tr\/index.php?rest_route=%2Fwp%2Fv2%2Fmedia&parent=16"}],"curies":[{"name":"wp","href":"https:\/\/api.w.org\/{rel}","templated":true}]}}