{"id":26,"date":"2014-11-06T14:36:19","date_gmt":"2014-11-06T12:36:19","guid":{"rendered":"http:\/\/www.metume70.gen.tr\/?page_id=26"},"modified":"2014-11-06T17:05:37","modified_gmt":"2014-11-06T15:05:37","slug":"o-yillar","status":"publish","type":"page","link":"https:\/\/www.metume70.gen.tr\/?page_id=26","title":{"rendered":"O YILLAR"},"content":{"rendered":"<p>O y\u0131llarda Ankara\u2019n\u0131n evleri Konya Yolu ile bitiyordu. Servisler olmasa ODT\u00dc\u2019ye ula\u015f\u0131m olanaks\u0131zd\u0131.<\/p>\n<p><a href=\"http:\/\/www.metume70.gen.tr\/wp-content\/uploads\/2014\/11\/ankara_haritasi_1967.jpg\" target=\"_blank\"><img loading=\"lazy\" decoding=\"async\" class=\"alignnone size-medium wp-image-27\" src=\"http:\/\/www.metume70.gen.tr\/wp-content\/uploads\/2014\/11\/ankara_haritasi_1967-300x250.jpg\" alt=\"ankara_haritasi_1967\" width=\"300\" height=\"250\" srcset=\"https:\/\/www.metume70.gen.tr\/wp-content\/uploads\/2014\/11\/ankara_haritasi_1967-300x250.jpg 300w, https:\/\/www.metume70.gen.tr\/wp-content\/uploads\/2014\/11\/ankara_haritasi_1967-1024x855.jpg 1024w\" sizes=\"auto, (max-width: 300px) 100vw, 300px\" \/><\/a><\/p>\n<p>Haz\u0131rl\u0131k Okulu baraka idi. Kay\u0131t ve Kabul \u0130\u015fleri M\u00fcd\u00fcrl\u00fc\u011f\u00fc bug\u00fcnk\u00fc M\u00fcze binas\u0131 idi. Mimarl\u0131k Anfisi ODT\u00dc\u2019n\u00fcn t\u00fcm etkinlikleri i\u00e7in tek adres idi.<\/p>\n<p>Bug\u00fcnk\u00fc \u015eehir ve B\u00f6lge Planlama st\u00fcdyolar\u0131 o zamanlar K\u00fct\u00fcphane idi.<\/p>\n<p>End\u00fcstri M\u00fchendisli\u011fi binas\u0131 yerindeki baraklarda \u00e7izim odalar\u0131, s\u0131n\u0131flar, kafeterya, \u00f6\u011frenci birli\u011fi ve topluluklar\u0131n odalar\u0131 vard\u0131.<\/p>\n<p><img decoding=\"async\" src=\"http:\/\/www.metume70.gen.tr\/wp-content\/uploads\/2014\/11\/odtu_havadan.jpg\" alt=\"odtu_havadan\" \/><\/p>\n<p>O g\u00fcnlerin Ankara ve ODT\u00dc foto\u011fraflar\u0131na \u00e7e\u015fitli kaynaklardan ula\u015fmak m\u00fcmk\u00fcn. Biz, bu sayfada, kendi ar\u015fivimizde bulunan baz\u0131 belgeleri payla\u015fmakla yetinece\u011fiz.<\/p>\n<p><img decoding=\"async\" src=\"http:\/\/www.metume70.gen.tr\/wp-content\/uploads\/2014\/11\/eymir.jpg\" alt=\"eymir\" \/><br \/>\nEymir G\u00f6l\u00fc G\u00fcn\u00fc<\/p>\n<p><img decoding=\"async\" src=\"http:\/\/www.metume70.gen.tr\/wp-content\/uploads\/2014\/11\/hazirlik.jpg\" alt=\"hazirlik\" \/><br \/>\nHaz\u0131rl\u0131k Okulu barakalar\u0131<\/p>\n<p><img decoding=\"async\" src=\"http:\/\/www.metume70.gen.tr\/wp-content\/uploads\/2014\/11\/laboratuar.jpg\" alt=\"laboratuar\" \/><br \/>\nHaz\u0131rl\u0131k Okulu Lisan Laboratuar\u0131<\/p>\n<p><img decoding=\"async\" src=\"http:\/\/www.metume70.gen.tr\/wp-content\/uploads\/2014\/11\/etarabasi.jpg\" alt=\"etarabasi\" \/><br \/>\n\u00c7etin, \u00dcmit U\u011fur<\/p>\n","protected":false},"excerpt":{"rendered":"<p>O y\u0131llarda Ankara\u2019n\u0131n evleri Konya Yolu ile bitiyordu. Servisler olmasa ODT\u00dc\u2019ye ula\u015f\u0131m olanaks\u0131zd\u0131. Haz\u0131rl\u0131k Okulu baraka idi. Kay\u0131t ve Kabul \u0130\u015fleri M\u00fcd\u00fcrl\u00fc\u011f\u00fc bug\u00fcnk\u00fc M\u00fcze binas\u0131 idi. Mimarl\u0131k Anfisi ODT\u00dc\u2019n\u00fcn t\u00fcm etkinlikleri i\u00e7in tek adres idi. Bug\u00fcnk\u00fc \u015eehir ve B\u00f6lge Planlama st\u00fcdyolar\u0131 o zamanlar K\u00fct\u00fcphane idi. End\u00fcstri M\u00fchendisli\u011fi binas\u0131 yerindeki baraklarda \u00e7izim odalar\u0131, s\u0131n\u0131flar, kafeterya, \u00f6\u011frenci [&hellip;]<\/p>\n","protected":false},"author":1,"featured_media":0,"parent":0,"menu_order":4,"comment_status":"closed","ping_status":"closed","template":"","meta":{"footnotes":""},"class_list":["post-26","page","type-page","status-publish","hentry"],"_links":{"self":[{"href":"https:\/\/www.metume70.gen.tr\/index.php?rest_route=\/wp\/v2\/pages\/26","targetHints":{"allow":["GET"]}}],"collection":[{"href":"https:\/\/www.metume70.gen.tr\/index.php?rest_route=\/wp\/v2\/pages"}],"about":[{"href":"https:\/\/www.metume70.gen.tr\/index.php?rest_route=\/wp\/v2\/types\/page"}],"author":[{"embeddable":true,"href":"https:\/\/www.metume70.gen.tr\/index.php?rest_route=\/wp\/v2\/users\/1"}],"replies":[{"embeddable":true,"href":"https:\/\/www.metume70.gen.tr\/index.php?rest_route=%2Fwp%2Fv2%2Fcomments&post=26"}],"version-history":[{"count":10,"href":"https:\/\/www.metume70.gen.tr\/index.php?rest_route=\/wp\/v2\/pages\/26\/revisions"}],"predecessor-version":[{"id":129,"href":"https:\/\/www.metume70.gen.tr\/index.php?rest_route=\/wp\/v2\/pages\/26\/revisions\/129"}],"wp:attachment":[{"href":"https:\/\/www.metume70.gen.tr\/index.php?rest_route=%2Fwp%2Fv2%2Fmedia&parent=26"}],"curies":[{"name":"wp","href":"https:\/\/api.w.org\/{rel}","templated":true}]}}