{"id":4,"date":"2014-11-06T14:03:32","date_gmt":"2014-11-06T12:03:32","guid":{"rendered":"http:\/\/metume70.gen.tr\/?page_id=4"},"modified":"2015-04-24T11:52:07","modified_gmt":"2015-04-24T08:52:07","slug":"ana-sayfa","status":"publish","type":"page","link":"https:\/\/www.metume70.gen.tr\/","title":{"rendered":"ANA SAYFA"},"content":{"rendered":"<p><a href=\"http:\/\/www.metume70.gen.tr\/wp-content\/uploads\/2014\/11\/amblem.jpg\"><img loading=\"lazy\" decoding=\"async\" class=\"size-medium wp-image-150 aligncenter\" src=\"http:\/\/www.metume70.gen.tr\/wp-content\/uploads\/2014\/11\/amblem-215x300.jpg\" alt=\"amblem\" width=\"215\" height=\"300\" srcset=\"https:\/\/www.metume70.gen.tr\/wp-content\/uploads\/2014\/11\/amblem-215x300.jpg 215w, https:\/\/www.metume70.gen.tr\/wp-content\/uploads\/2014\/11\/amblem.jpg 300w\" sizes=\"auto, (max-width: 215px) 100vw, 215px\" \/><\/a><\/p>\n<p>Orta Do\u011fu Teknik \u00dcniversitesi\u2019nin 1970 y\u0131l\u0131 Makina M\u00fchendisli\u011fi B\u00f6l\u00fcm\u00fc mezunlar\u0131 27.Haziran.2015 tarihinde yap\u0131lacak Mezunlar G\u00fcn\u00fc\u2019nde \u201845. y\u0131l An\u0131 Madalyas\u0131\u2019 alacaklar.<\/p>\n<p>Bu site; \u00dcniversitede ge\u00e7irdikleri 1965-1970 y\u0131llar\u0131n\u0131 an\u0131msamak, mezuniyetten y\u0131llar sonra bile devam eden birlikteliklerini belgelemek ve sonraki ku\u015faklara aktarmak amac\u0131 ile haz\u0131rland\u0131.<\/p>\n","protected":false},"excerpt":{"rendered":"<p>Orta Do\u011fu Teknik \u00dcniversitesi\u2019nin 1970 y\u0131l\u0131 Makina M\u00fchendisli\u011fi B\u00f6l\u00fcm\u00fc mezunlar\u0131 27.Haziran.2015 tarihinde yap\u0131lacak Mezunlar G\u00fcn\u00fc\u2019nde \u201845. y\u0131l An\u0131 Madalyas\u0131\u2019 alacaklar. Bu site; \u00dcniversitede ge\u00e7irdikleri 1965-1970 y\u0131llar\u0131n\u0131 an\u0131msamak, mezuniyetten y\u0131llar sonra bile devam eden birlikteliklerini belgelemek ve sonraki ku\u015faklara aktarmak amac\u0131 ile haz\u0131rland\u0131.<\/p>\n","protected":false},"author":1,"featured_media":0,"parent":0,"menu_order":1,"comment_status":"closed","ping_status":"closed","template":"","meta":{"footnotes":""},"class_list":["post-4","page","type-page","status-publish","hentry"],"_links":{"self":[{"href":"https:\/\/www.metume70.gen.tr\/index.php?rest_route=\/wp\/v2\/pages\/4","targetHints":{"allow":["GET"]}}],"collection":[{"href":"https:\/\/www.metume70.gen.tr\/index.php?rest_route=\/wp\/v2\/pages"}],"about":[{"href":"https:\/\/www.metume70.gen.tr\/index.php?rest_route=\/wp\/v2\/types\/page"}],"author":[{"embeddable":true,"href":"https:\/\/www.metume70.gen.tr\/index.php?rest_route=\/wp\/v2\/users\/1"}],"replies":[{"embeddable":true,"href":"https:\/\/www.metume70.gen.tr\/index.php?rest_route=%2Fwp%2Fv2%2Fcomments&post=4"}],"version-history":[{"count":7,"href":"https:\/\/www.metume70.gen.tr\/index.php?rest_route=\/wp\/v2\/pages\/4\/revisions"}],"predecessor-version":[{"id":151,"href":"https:\/\/www.metume70.gen.tr\/index.php?rest_route=\/wp\/v2\/pages\/4\/revisions\/151"}],"wp:attachment":[{"href":"https:\/\/www.metume70.gen.tr\/index.php?rest_route=%2Fwp%2Fv2%2Fmedia&parent=4"}],"curies":[{"name":"wp","href":"https:\/\/api.w.org\/{rel}","templated":true}]}}