{"id":7,"date":"2014-11-06T14:13:42","date_gmt":"2014-11-06T12:13:42","guid":{"rendered":"http:\/\/www.metume70.gen.tr\/?page_id=7"},"modified":"2015-04-24T12:10:22","modified_gmt":"2015-04-24T09:10:22","slug":"mezunlar","status":"publish","type":"page","link":"https:\/\/www.metume70.gen.tr\/?page_id=7","title":{"rendered":"MEZUNLAR"},"content":{"rendered":"<p>1970 y\u0131l\u0131nda Orta Do\u011fu Teknik \u00dcniversitesi Makina M\u00fchendisli\u011fi B\u00f6l\u00fcm\u00fc\u2019nden Lisans (BSc.) ve Y\u00fcksek Lisans (MSc) diplomas\u0131 alanlar\u0131n isimleri (\u00dcniversite kay\u0131tlar\u0131ndan al\u0131nan) a\u015fa\u011f\u0131daki listelerde yer al\u0131yor.<\/p>\n<p>\u00c7e\u015fitli nedenlerle diploma al\u0131\u015flar\u0131 sonraki y\u0131llara kaysa da birlikte ayn\u0131 s\u0131ralar\u0131 ve an\u0131lar\u0131 payla\u015ft\u0131\u011f\u0131m\u0131z t\u00fcm arkada\u015flar\u0131 \u20181970 y\u0131l\u0131 mezunlar\u0131\u2019 birlikteli\u011finin do\u011fal bir par\u00e7as\u0131 olarak kabul ediliyoruz.<\/p>\n<p>\u0130simleri yan\u0131nda \u2018\u00a9\u2019 i\u015fareti olan arkada\u015flar\u0131m\u0131z kalbimizde ya\u015famaya devam ediyorlar.<\/p>\n<p>\u0130smi \u2018mavi\u2019 renk ile yaz\u0131l\u0131 arkada\u015flara elektronik haberle\u015fme ortamlar\u0131nda ula\u015fabiliyoruz. Di\u011fer arkada\u015flara ula\u015fabilmek i\u00e7in yard\u0131m\u0131n\u0131za g\u00fcveniyoruz.<\/p>\n<p><em>G\u00fcncelleme: 01.Ekim.2014<\/em><\/p>\n<p><a href=\"http:\/\/www.metume70.gen.tr\/wp-content\/uploads\/2015\/04\/me70_bsc_liste_200415.doc\" target=\"_blank\">ODT\u00dc Makina\u201970 BSc. Mezunlar\u0131\u00a0listesi i\u00e7in t\u0131klay\u0131n\u0131z<\/a><\/p>\n<p><a href=\"http:\/\/www.metume70.gen.tr\/wp-content\/uploads\/2015\/04\/me70_msc_liste_200415.doc\" target=\"_blank\">ODT\u00dc Makina\u201970 MSc. Mezunlar\u0131\u00a0listesi i\u00e7in t\u0131klay\u0131n\u0131z<\/a><\/p>\n<p><a href=\"http:\/\/www.metume70.gen.tr\/wp-content\/uploads\/2015\/04\/me70p_bsc_liste_200415.doc\" target=\"_blank\">ODT\u00dc Makina\u201970+ Mezunlar\u0131\u00a0listesi i\u00e7in t\u0131klay\u0131n\u0131z<\/a><\/p>\n<p><a href=\"http:\/\/www.metume70.gen.tr\/?p=143\">ODT\u00dc Makina &#8217;70 BSc. Mezunlar\u0131 <strong>foto\u011frafl\u0131<\/strong> listesi i\u00e7in t\u0131klay\u0131n\u0131z<\/a><\/p>\n<p><a href=\"http:\/\/www.metume70.gen.tr\/?p=161\">ODT\u00dc Makina &#8217;70 MSc Mezunlar\u0131 <strong>foto\u011frafl\u0131<\/strong> listesi i\u00e7in t\u0131klay\u0131n\u0131z<\/a><\/p>\n","protected":false},"excerpt":{"rendered":"<p>1970 y\u0131l\u0131nda Orta Do\u011fu Teknik \u00dcniversitesi Makina M\u00fchendisli\u011fi B\u00f6l\u00fcm\u00fc\u2019nden Lisans (BSc.) ve Y\u00fcksek Lisans (MSc) diplomas\u0131 alanlar\u0131n isimleri (\u00dcniversite kay\u0131tlar\u0131ndan al\u0131nan) a\u015fa\u011f\u0131daki listelerde yer al\u0131yor. \u00c7e\u015fitli nedenlerle diploma al\u0131\u015flar\u0131 sonraki y\u0131llara kaysa da birlikte ayn\u0131 s\u0131ralar\u0131 ve an\u0131lar\u0131 payla\u015ft\u0131\u011f\u0131m\u0131z t\u00fcm arkada\u015flar\u0131 \u20181970 y\u0131l\u0131 mezunlar\u0131\u2019 birlikteli\u011finin do\u011fal bir par\u00e7as\u0131 olarak kabul ediliyoruz. \u0130simleri yan\u0131nda \u2018\u00a9\u2019 i\u015fareti [&hellip;]<\/p>\n","protected":false},"author":1,"featured_media":0,"parent":0,"menu_order":2,"comment_status":"closed","ping_status":"closed","template":"","meta":{"footnotes":""},"class_list":["post-7","page","type-page","status-publish","hentry"],"_links":{"self":[{"href":"https:\/\/www.metume70.gen.tr\/index.php?rest_route=\/wp\/v2\/pages\/7","targetHints":{"allow":["GET"]}}],"collection":[{"href":"https:\/\/www.metume70.gen.tr\/index.php?rest_route=\/wp\/v2\/pages"}],"about":[{"href":"https:\/\/www.metume70.gen.tr\/index.php?rest_route=\/wp\/v2\/types\/page"}],"author":[{"embeddable":true,"href":"https:\/\/www.metume70.gen.tr\/index.php?rest_route=\/wp\/v2\/users\/1"}],"replies":[{"embeddable":true,"href":"https:\/\/www.metume70.gen.tr\/index.php?rest_route=%2Fwp%2Fv2%2Fcomments&post=7"}],"version-history":[{"count":13,"href":"https:\/\/www.metume70.gen.tr\/index.php?rest_route=\/wp\/v2\/pages\/7\/revisions"}],"predecessor-version":[{"id":167,"href":"https:\/\/www.metume70.gen.tr\/index.php?rest_route=\/wp\/v2\/pages\/7\/revisions\/167"}],"wp:attachment":[{"href":"https:\/\/www.metume70.gen.tr\/index.php?rest_route=%2Fwp%2Fv2%2Fmedia&parent=7"}],"curies":[{"name":"wp","href":"https:\/\/api.w.org\/{rel}","templated":true}]}}