{"id":95,"date":"2014-11-06T16:20:57","date_gmt":"2014-11-06T14:20:57","guid":{"rendered":"http:\/\/www.metume70.gen.tr\/?page_id=95"},"modified":"2014-11-06T17:04:28","modified_gmt":"2014-11-06T15:04:28","slug":"belgeler","status":"publish","type":"page","link":"https:\/\/www.metume70.gen.tr\/?page_id=95","title":{"rendered":"BELGELER"},"content":{"rendered":"<p>Her y\u0131l yenilenen ve bizim \u2018\u015eebeke\u2019 dedi\u011fimiz \u00d6\u011frenci Kimlik Belgelerimiz vard\u0131. O zamanlar, bu belgeleri \u00d6\u011frenci Birli\u011fi haz\u0131rl\u0131yor, \u00dcniversite onayl\u0131yordu.<\/p>\n<p>Yeni icat olunan bilgisayar \u00e7\u0131kt\u0131s\u0131 karnelerimiz vard\u0131. Yurtd\u0131\u015f\u0131na giderken, ald\u0131\u011f\u0131m\u0131z t\u00fcm notlar\u0131 Transcript ile belgeledik.<\/p>\n<p>O y\u0131llarda Diploma T\u00f6reni yap\u0131lm\u0131yordu. Y\u0131llar boyu onurla ta\u015f\u0131yaca\u011f\u0131m\u0131z Diploma\u2019m\u0131z\u0131 \u2018Kay\u0131t Kabul\u2019 diye isimlendirdi\u011fimiz \u00d6\u011frenci \u0130\u015fleri Ofisi\u2019nden, sessizce, ald\u0131k.<\/p>\n<p><a href=\"http:\/\/www.metume70.gen.tr\/wp-content\/uploads\/2014\/11\/kimlik-1.jpg\"><img loading=\"lazy\" decoding=\"async\" src=\"http:\/\/www.metume70.gen.tr\/wp-content\/uploads\/2014\/11\/kimlik-1-300x205.jpg\" alt=\"kimlik-1\" width=\"300\" height=\"205\" class=\"alignnone size-medium wp-image-99\" srcset=\"https:\/\/www.metume70.gen.tr\/wp-content\/uploads\/2014\/11\/kimlik-1-300x205.jpg 300w, https:\/\/www.metume70.gen.tr\/wp-content\/uploads\/2014\/11\/kimlik-1.jpg 600w\" sizes=\"auto, (max-width: 300px) 100vw, 300px\" \/><\/a><br \/>\n(Kimlik 2)<br \/>\n(Kimlik 3)<\/p>\n<p><a href=\"http:\/\/www.metume70.gen.tr\/wp-content\/uploads\/2014\/11\/karne-1-spring-67.jpg\"><img loading=\"lazy\" decoding=\"async\" src=\"http:\/\/www.metume70.gen.tr\/wp-content\/uploads\/2014\/11\/karne-1-spring-67-185x300.jpg\" alt=\"karne-1-spring-67\" width=\"185\" height=\"300\" class=\"alignnone size-medium wp-image-96\" srcset=\"https:\/\/www.metume70.gen.tr\/wp-content\/uploads\/2014\/11\/karne-1-spring-67-185x300.jpg 185w, https:\/\/www.metume70.gen.tr\/wp-content\/uploads\/2014\/11\/karne-1-spring-67.jpg 600w\" sizes=\"auto, (max-width: 185px) 100vw, 185px\" \/><\/a><\/p>\n<p><a href=\"http:\/\/www.metume70.gen.tr\/wp-content\/uploads\/2014\/11\/karne-2-fall-68.jpg\"><img loading=\"lazy\" decoding=\"async\" src=\"http:\/\/www.metume70.gen.tr\/wp-content\/uploads\/2014\/11\/karne-2-fall-68-188x300.jpg\" alt=\"karne-2-fall-68\" width=\"188\" height=\"300\" class=\"alignnone size-medium wp-image-97\" srcset=\"https:\/\/www.metume70.gen.tr\/wp-content\/uploads\/2014\/11\/karne-2-fall-68-188x300.jpg 188w, https:\/\/www.metume70.gen.tr\/wp-content\/uploads\/2014\/11\/karne-2-fall-68.jpg 600w\" sizes=\"auto, (max-width: 188px) 100vw, 188px\" \/><\/a><\/p>\n<p><a href=\"http:\/\/www.metume70.gen.tr\/wp-content\/uploads\/2014\/11\/karne-3-spring-68.jpg\"><img loading=\"lazy\" decoding=\"async\" src=\"http:\/\/www.metume70.gen.tr\/wp-content\/uploads\/2014\/11\/karne-3-spring-68-187x300.jpg\" alt=\"karne-3-spring-68\" width=\"187\" height=\"300\" class=\"alignnone size-medium wp-image-98\" srcset=\"https:\/\/www.metume70.gen.tr\/wp-content\/uploads\/2014\/11\/karne-3-spring-68-187x300.jpg 187w, https:\/\/www.metume70.gen.tr\/wp-content\/uploads\/2014\/11\/karne-3-spring-68.jpg 600w\" sizes=\"auto, (max-width: 187px) 100vw, 187px\" \/><\/a><\/p>\n<p>(Transcript 1)<br \/>\n(Transcript 2)<\/p>\n<p>(Diploma)<\/p>\n<p><a href=\"http:\/\/www.metume70.gen.tr\/wp-content\/uploads\/2014\/11\/absentees.jpg\"><img loading=\"lazy\" decoding=\"async\" src=\"http:\/\/www.metume70.gen.tr\/wp-content\/uploads\/2014\/11\/absentees-211x300.jpg\" alt=\"absentees\" width=\"211\" height=\"300\" class=\"alignnone size-medium wp-image-100\" srcset=\"https:\/\/www.metume70.gen.tr\/wp-content\/uploads\/2014\/11\/absentees-211x300.jpg 211w, https:\/\/www.metume70.gen.tr\/wp-content\/uploads\/2014\/11\/absentees.jpg 600w\" sizes=\"auto, (max-width: 211px) 100vw, 211px\" \/><\/a><br \/>\nHaz\u0131rl\u0131k Okulu\u2019ndayken, 16 Haziran 1966 Per\u015fembe g\u00fcn\u00fc okula gitmemi\u015fiz.<br \/>\nErtesi g\u00fcn isimlerimiz yay\u0131nlanm\u0131\u015f. (Aralar\u0131nda ME\u201970\u2019ler de var)<br \/>\nClass 39; Erbil Ahmet, Fahrettin Kur\u015funo\u011flu, \u0130lhan Saya, Arbil Taylan, Levent Tosun, <\/p>\n","protected":false},"excerpt":{"rendered":"<p>Her y\u0131l yenilenen ve bizim \u2018\u015eebeke\u2019 dedi\u011fimiz \u00d6\u011frenci Kimlik Belgelerimiz vard\u0131. O zamanlar, bu belgeleri \u00d6\u011frenci Birli\u011fi haz\u0131rl\u0131yor, \u00dcniversite onayl\u0131yordu. Yeni icat olunan bilgisayar \u00e7\u0131kt\u0131s\u0131 karnelerimiz vard\u0131. Yurtd\u0131\u015f\u0131na giderken, ald\u0131\u011f\u0131m\u0131z t\u00fcm notlar\u0131 Transcript ile belgeledik. O y\u0131llarda Diploma T\u00f6reni yap\u0131lm\u0131yordu. Y\u0131llar boyu onurla ta\u015f\u0131yaca\u011f\u0131m\u0131z Diploma\u2019m\u0131z\u0131 \u2018Kay\u0131t Kabul\u2019 diye isimlendirdi\u011fimiz \u00d6\u011frenci \u0130\u015fleri Ofisi\u2019nden, sessizce, ald\u0131k. (Kimlik [&hellip;]<\/p>\n","protected":false},"author":1,"featured_media":0,"parent":0,"menu_order":6,"comment_status":"closed","ping_status":"closed","template":"","meta":{"footnotes":""},"class_list":["post-95","page","type-page","status-publish","hentry"],"_links":{"self":[{"href":"https:\/\/www.metume70.gen.tr\/index.php?rest_route=\/wp\/v2\/pages\/95","targetHints":{"allow":["GET"]}}],"collection":[{"href":"https:\/\/www.metume70.gen.tr\/index.php?rest_route=\/wp\/v2\/pages"}],"about":[{"href":"https:\/\/www.metume70.gen.tr\/index.php?rest_route=\/wp\/v2\/types\/page"}],"author":[{"embeddable":true,"href":"https:\/\/www.metume70.gen.tr\/index.php?rest_route=\/wp\/v2\/users\/1"}],"replies":[{"embeddable":true,"href":"https:\/\/www.metume70.gen.tr\/index.php?rest_route=%2Fwp%2Fv2%2Fcomments&post=95"}],"version-history":[{"count":2,"href":"https:\/\/www.metume70.gen.tr\/index.php?rest_route=\/wp\/v2\/pages\/95\/revisions"}],"predecessor-version":[{"id":124,"href":"https:\/\/www.metume70.gen.tr\/index.php?rest_route=\/wp\/v2\/pages\/95\/revisions\/124"}],"wp:attachment":[{"href":"https:\/\/www.metume70.gen.tr\/index.php?rest_route=%2Fwp%2Fv2%2Fmedia&parent=95"}],"curies":[{"name":"wp","href":"https:\/\/api.w.org\/{rel}","templated":true}]}}